{"id":2360,"date":"2017-01-05T16:11:04","date_gmt":"2017-01-05T16:11:04","guid":{"rendered":"http:\/\/arkadenapotheke.at\/wordpress\/?page_id=2360"},"modified":"2022-04-08T09:35:32","modified_gmt":"2022-04-08T07:35:32","slug":"impressum","status":"publish","type":"page","link":"https:\/\/arkadenapotheke.at\/wordpress\/impressum\/","title":{"rendered":"Impressum"},"content":{"rendered":"\r\n<h2>Arkaden-Apotheke<\/h2>\r\n<p>Inhaber: Mag. pharm. Peter Tschany<br \/>J\u00e4gerstra\u00dfe 69 <br \/>1200 Wien <br \/>Tel.: +43 (1) 350 72 72 <br \/>Fax.: +43 (1) 350 72 72-15 <br \/>E-Mail: <a href=\"mailto:info@arkadenapotheke.at\">info@arkadenapotheke.at<\/a><br \/><a href=\"https:\/\/arkadenapotheke.at\">https:\/\/arkadenapotheke.at<\/a><\/p>\r\n<h3>\u00d6ffnungszeiten<\/h3>\r\n<p><strong>Montag bis Freitag: 8:00\u201312:00, 14:00\u201318:00<\/strong><br \/><strong>Samstag: 8:00\u201312:00<\/strong><\/p>\r\n<h3>Nachtdienste \/ Bereitschaftsdienst von Apotheken<\/h3>\r\n<ul>\r\n<li>Apothekennotruf: 1455<\/li>\r\n<li>ORF Teletext auf Seite 648\/649<\/li>\r\n<\/ul>\r\n<h3>\u00f6sterr. Telefon-Notrufe<\/h3>\r\n<ul>\r\n<li>Rettung: 144<\/li>\r\n<li>Apothekennotruf: 1455<\/li>\r\n<li>Gesundheitsberatung: 1450<\/li>\r\n<li>Haus\u00e4rztlicher Notdienst\/\u00c4rztefunkdienst: 141<\/li>\r\n<li>Vergiftungszentrale: +43 (1) 406 43 43<\/li>\r\n<\/ul>\r\n<div class=\"col-md-8 col-md-offset-2\">\r\n<div class=\"ng-binding\">\r\n<h3>Rechtliche Informationen<\/h3>\r\n<ul>\r\n<li><strong>Rechtsform: Eingetragenes Unternehmen:<br \/>Arkaden-Apotheke Mag.pharm.Peter Tschany <\/strong><br \/>FN 157989 m, Handelsgericht Wien<br \/>Beginndatum der Rechtsform: 15. 5. 1997<\/li>\r\n<li><strong>Umsatzsteueridentifikationsnummer:<\/strong><br \/>UID: ATU10588808<\/li>\r\n<li><strong>Konzessionsinhaber:<\/strong><br \/>Mag. pharm. Peter Tschanyr; Ausbildung absolviert in \u00d6sterreich<\/li>\r\n<li><strong>zust\u00e4ndige Aufsichtsbeh\u00f6rde:\u00a0<\/strong><br \/>Bundesministerium f\u00fcr Gesundheit und Frauen<\/li>\r\n<li><strong>zust\u00e4ndige Kammer:\u00a0<\/strong><br \/>\u00d6sterreichische Apothekerkammer<\/li>\r\n<li><strong>Berufsrechtliche Vorschriften:<\/strong> <br \/>Apothekengesetz, Apothekenbetriebsordnung, \u00a7\u00a7 50 bis 71, Arzneimittelgesetz sowie die Berufssitte des Apothekerstandes. S\u00e4mtliche Gesetze k\u00f6nnen bei der \u00d6sterreichischen Apothekerkammer angefordert werden.<\/li>\r\n<\/ul>\r\n<\/div>\r\n<\/div>\r\n","protected":false},"excerpt":{"rendered":"<p>Arkaden-Apotheke Inhaber: Mag. pharm. Peter TschanyJ\u00e4gerstra\u00dfe 69 1200 Wien Tel.: +43 (1) 350 72 72 Fax.: +43 (1) 350 72 72-15 E-Mail: info@arkadenapotheke.athttps:\/\/arkadenapotheke.at \u00d6ffnungszeiten Montag bis Freitag: 8:00\u201312:00, 14:00\u201318:00Samstag: 8:00\u201312:00 Nachtdienste \/ Bereitschaftsdienst von Apotheken Apothekennotruf: 1455 ORF Teletext auf Seite 648\/649 \u00f6sterr. Telefon-Notrufe Rettung: 144 Apothekennotruf: 1455 Gesundheitsberatung: 1450 Haus\u00e4rztlicher Notdienst\/\u00c4rztefunkdienst: 141 Vergiftungszentrale: +43 [&hellip;]<\/p>\n","protected":false},"author":2,"featured_media":0,"parent":0,"menu_order":0,"comment_status":"closed","ping_status":"closed","template":"","meta":{"footnotes":""},"class_list":["post-2360","page","type-page","status-publish","hentry"],"yoast_head":"<!-- This site is optimized with the Yoast SEO plugin v26.8 - https:\/\/yoast.com\/product\/yoast-seo-wordpress\/ -->\n<title>Impressum - Arkaden-Apotheke<\/title>\n<meta name=\"robots\" content=\"index, follow, max-snippet:-1, max-image-preview:large, max-video-preview:-1\" \/>\n<link rel=\"canonical\" href=\"https:\/\/arkadenapotheke.at\/wordpress\/impressum\/\" \/>\n<meta property=\"og:locale\" content=\"de_DE\" \/>\n<meta property=\"og:type\" content=\"article\" \/>\n<meta property=\"og:title\" content=\"Impressum - Arkaden-Apotheke\" \/>\n<meta property=\"og:description\" content=\"Arkaden-Apotheke Inhaber: Mag. pharm. Peter TschanyJ\u00e4gerstra\u00dfe 69 1200 Wien Tel.: +43 (1) 350 72 72 Fax.: +43 (1) 350 72 72-15 E-Mail: info@arkadenapotheke.athttps:\/\/arkadenapotheke.at \u00d6ffnungszeiten Montag bis Freitag: 8:00\u201312:00, 14:00\u201318:00Samstag: 8:00\u201312:00 Nachtdienste \/ Bereitschaftsdienst von Apotheken Apothekennotruf: 1455 ORF Teletext auf Seite 648\/649 \u00f6sterr. Telefon-Notrufe Rettung: 144 Apothekennotruf: 1455 Gesundheitsberatung: 1450 Haus\u00e4rztlicher Notdienst\/\u00c4rztefunkdienst: 141 Vergiftungszentrale: +43 [&hellip;]\" \/>\n<meta property=\"og:url\" content=\"https:\/\/arkadenapotheke.at\/wordpress\/impressum\/\" \/>\n<meta property=\"og:site_name\" content=\"Arkaden-Apotheke\" \/>\n<meta property=\"article:modified_time\" content=\"2022-04-08T07:35:32+00:00\" \/>\n<meta property=\"og:image\" content=\"https:\/\/arkadenapotheke.at\/wordpress\/wp-content\/uploads\/2022\/04\/cropped-noun-temple-354487.png\" \/>\n\t<meta property=\"og:image:width\" content=\"512\" \/>\n\t<meta property=\"og:image:height\" content=\"512\" \/>\n\t<meta property=\"og:image:type\" content=\"image\/png\" \/>\n<meta name=\"twitter:card\" content=\"summary_large_image\" \/>\n<meta name=\"twitter:label1\" content=\"Gesch\u00e4tzte Lesezeit\" \/>\n\t<meta name=\"twitter:data1\" content=\"1\u00a0Minute\" \/>\n<script type=\"application\/ld+json\" class=\"yoast-schema-graph\">{\"@context\":\"https:\/\/schema.org\",\"@graph\":[{\"@type\":\"WebPage\",\"@id\":\"https:\/\/arkadenapotheke.at\/wordpress\/impressum\/\",\"url\":\"https:\/\/arkadenapotheke.at\/wordpress\/impressum\/\",\"name\":\"Impressum - Arkaden-Apotheke\",\"isPartOf\":{\"@id\":\"https:\/\/arkadenapotheke.at\/wordpress\/#website\"},\"datePublished\":\"2017-01-05T16:11:04+00:00\",\"dateModified\":\"2022-04-08T07:35:32+00:00\",\"breadcrumb\":{\"@id\":\"https:\/\/arkadenapotheke.at\/wordpress\/impressum\/#breadcrumb\"},\"inLanguage\":\"de\",\"potentialAction\":[{\"@type\":\"ReadAction\",\"target\":[\"https:\/\/arkadenapotheke.at\/wordpress\/impressum\/\"]}]},{\"@type\":\"BreadcrumbList\",\"@id\":\"https:\/\/arkadenapotheke.at\/wordpress\/impressum\/#breadcrumb\",\"itemListElement\":[{\"@type\":\"ListItem\",\"position\":1,\"name\":\"Startseite\",\"item\":\"https:\/\/arkadenapotheke.at\/wordpress\/\"},{\"@type\":\"ListItem\",\"position\":2,\"name\":\"Impressum\"}]},{\"@type\":\"WebSite\",\"@id\":\"https:\/\/arkadenapotheke.at\/wordpress\/#website\",\"url\":\"https:\/\/arkadenapotheke.at\/wordpress\/\",\"name\":\"Arkaden-Apotheke\",\"description\":\"1200 Wien\",\"publisher\":{\"@id\":\"https:\/\/arkadenapotheke.at\/wordpress\/#organization\"},\"potentialAction\":[{\"@type\":\"SearchAction\",\"target\":{\"@type\":\"EntryPoint\",\"urlTemplate\":\"https:\/\/arkadenapotheke.at\/wordpress\/?s={search_term_string}\"},\"query-input\":{\"@type\":\"PropertyValueSpecification\",\"valueRequired\":true,\"valueName\":\"search_term_string\"}}],\"inLanguage\":\"de\"},{\"@type\":\"Organization\",\"@id\":\"https:\/\/arkadenapotheke.at\/wordpress\/#organization\",\"name\":\"Arkaden-Apotheke\",\"url\":\"https:\/\/arkadenapotheke.at\/wordpress\/\",\"logo\":{\"@type\":\"ImageObject\",\"inLanguage\":\"de\",\"@id\":\"https:\/\/arkadenapotheke.at\/wordpress\/#\/schema\/logo\/image\/\",\"url\":\"https:\/\/arkadenapotheke.at\/wordpress\/wp-content\/uploads\/2022\/04\/cropped-noun-temple-354487.png\",\"contentUrl\":\"https:\/\/arkadenapotheke.at\/wordpress\/wp-content\/uploads\/2022\/04\/cropped-noun-temple-354487.png\",\"width\":512,\"height\":512,\"caption\":\"Arkaden-Apotheke\"},\"image\":{\"@id\":\"https:\/\/arkadenapotheke.at\/wordpress\/#\/schema\/logo\/image\/\"}}]}<\/script>\n<!-- \/ Yoast SEO plugin. -->","yoast_head_json":{"title":"Impressum - Arkaden-Apotheke","robots":{"index":"index","follow":"follow","max-snippet":"max-snippet:-1","max-image-preview":"max-image-preview:large","max-video-preview":"max-video-preview:-1"},"canonical":"https:\/\/arkadenapotheke.at\/wordpress\/impressum\/","og_locale":"de_DE","og_type":"article","og_title":"Impressum - Arkaden-Apotheke","og_description":"Arkaden-Apotheke Inhaber: Mag. pharm. Peter TschanyJ\u00e4gerstra\u00dfe 69 1200 Wien Tel.: +43 (1) 350 72 72 Fax.: +43 (1) 350 72 72-15 E-Mail: info@arkadenapotheke.athttps:\/\/arkadenapotheke.at \u00d6ffnungszeiten Montag bis Freitag: 8:00\u201312:00, 14:00\u201318:00Samstag: 8:00\u201312:00 Nachtdienste \/ Bereitschaftsdienst von Apotheken Apothekennotruf: 1455 ORF Teletext auf Seite 648\/649 \u00f6sterr. Telefon-Notrufe Rettung: 144 Apothekennotruf: 1455 Gesundheitsberatung: 1450 Haus\u00e4rztlicher Notdienst\/\u00c4rztefunkdienst: 141 Vergiftungszentrale: +43 [&hellip;]","og_url":"https:\/\/arkadenapotheke.at\/wordpress\/impressum\/","og_site_name":"Arkaden-Apotheke","article_modified_time":"2022-04-08T07:35:32+00:00","og_image":[{"width":512,"height":512,"url":"https:\/\/arkadenapotheke.at\/wordpress\/wp-content\/uploads\/2022\/04\/cropped-noun-temple-354487.png","type":"image\/png"}],"twitter_card":"summary_large_image","twitter_misc":{"Gesch\u00e4tzte Lesezeit":"1\u00a0Minute"},"schema":{"@context":"https:\/\/schema.org","@graph":[{"@type":"WebPage","@id":"https:\/\/arkadenapotheke.at\/wordpress\/impressum\/","url":"https:\/\/arkadenapotheke.at\/wordpress\/impressum\/","name":"Impressum - Arkaden-Apotheke","isPartOf":{"@id":"https:\/\/arkadenapotheke.at\/wordpress\/#website"},"datePublished":"2017-01-05T16:11:04+00:00","dateModified":"2022-04-08T07:35:32+00:00","breadcrumb":{"@id":"https:\/\/arkadenapotheke.at\/wordpress\/impressum\/#breadcrumb"},"inLanguage":"de","potentialAction":[{"@type":"ReadAction","target":["https:\/\/arkadenapotheke.at\/wordpress\/impressum\/"]}]},{"@type":"BreadcrumbList","@id":"https:\/\/arkadenapotheke.at\/wordpress\/impressum\/#breadcrumb","itemListElement":[{"@type":"ListItem","position":1,"name":"Startseite","item":"https:\/\/arkadenapotheke.at\/wordpress\/"},{"@type":"ListItem","position":2,"name":"Impressum"}]},{"@type":"WebSite","@id":"https:\/\/arkadenapotheke.at\/wordpress\/#website","url":"https:\/\/arkadenapotheke.at\/wordpress\/","name":"Arkaden-Apotheke","description":"1200 Wien","publisher":{"@id":"https:\/\/arkadenapotheke.at\/wordpress\/#organization"},"potentialAction":[{"@type":"SearchAction","target":{"@type":"EntryPoint","urlTemplate":"https:\/\/arkadenapotheke.at\/wordpress\/?s={search_term_string}"},"query-input":{"@type":"PropertyValueSpecification","valueRequired":true,"valueName":"search_term_string"}}],"inLanguage":"de"},{"@type":"Organization","@id":"https:\/\/arkadenapotheke.at\/wordpress\/#organization","name":"Arkaden-Apotheke","url":"https:\/\/arkadenapotheke.at\/wordpress\/","logo":{"@type":"ImageObject","inLanguage":"de","@id":"https:\/\/arkadenapotheke.at\/wordpress\/#\/schema\/logo\/image\/","url":"https:\/\/arkadenapotheke.at\/wordpress\/wp-content\/uploads\/2022\/04\/cropped-noun-temple-354487.png","contentUrl":"https:\/\/arkadenapotheke.at\/wordpress\/wp-content\/uploads\/2022\/04\/cropped-noun-temple-354487.png","width":512,"height":512,"caption":"Arkaden-Apotheke"},"image":{"@id":"https:\/\/arkadenapotheke.at\/wordpress\/#\/schema\/logo\/image\/"}}]}},"_links":{"self":[{"href":"https:\/\/arkadenapotheke.at\/wordpress\/wp-json\/wp\/v2\/pages\/2360","targetHints":{"allow":["GET"]}}],"collection":[{"href":"https:\/\/arkadenapotheke.at\/wordpress\/wp-json\/wp\/v2\/pages"}],"about":[{"href":"https:\/\/arkadenapotheke.at\/wordpress\/wp-json\/wp\/v2\/types\/page"}],"author":[{"embeddable":true,"href":"https:\/\/arkadenapotheke.at\/wordpress\/wp-json\/wp\/v2\/users\/2"}],"replies":[{"embeddable":true,"href":"https:\/\/arkadenapotheke.at\/wordpress\/wp-json\/wp\/v2\/comments?post=2360"}],"version-history":[{"count":3,"href":"https:\/\/arkadenapotheke.at\/wordpress\/wp-json\/wp\/v2\/pages\/2360\/revisions"}],"predecessor-version":[{"id":2699,"href":"https:\/\/arkadenapotheke.at\/wordpress\/wp-json\/wp\/v2\/pages\/2360\/revisions\/2699"}],"wp:attachment":[{"href":"https:\/\/arkadenapotheke.at\/wordpress\/wp-json\/wp\/v2\/media?parent=2360"}],"curies":[{"name":"wp","href":"https:\/\/api.w.org\/{rel}","templated":true}]}}